{"id":53,"date":"2019-10-14T15:51:06","date_gmt":"2019-10-14T15:51:06","guid":{"rendered":"https:\/\/reiter-veranstaltungstechnik.de\/?page_id=53"},"modified":"2019-10-20T13:00:05","modified_gmt":"2019-10-20T13:00:05","slug":"dj-service","status":"publish","type":"page","link":"https:\/\/reiter-veranstaltungstechnik.de\/?page_id=53","title":{"rendered":"MOBILE DISCOTHEK"},"content":{"rendered":"\n<p class=\"has-drop-cap\">Jahrelange Erfahrung und professionelle Technik bietet unsere Mobil-Disco. Mit rund 50 Hochzeiten und Festlichkeiten j\u00e4hrlich sind wir nah am Geschehen!  <br><br>Weitere Informationen k\u00f6nnen Sie gern unserer Info Brosch\u00fcre entnehmen. <br><a rel=\"noreferrer noopener\" aria-label=\" (\u00f6ffnet in neuem Tab)\" href=\"https:\/\/www.reiter-veranstaltungstechnik.de\/Infos_zu_mobilen_Diskothek.pdf\" target=\"_blank\">zur Info Brosch\u00fcre<\/a><\/p>\n","protected":false},"excerpt":{"rendered":"<p>Jahrelange Erfahrung und professionelle Technik bietet unsere Mobil-Disco. Mit rund 50 Hochzeiten und Festlichkeiten j\u00e4hrlich sind wir nah am Geschehen! Weitere Informationen k\u00f6nnen Sie gern unserer Info Brosch\u00fcre entnehmen. zur Info Brosch\u00fcre<\/p>\n","protected":false},"author":1,"featured_media":103,"parent":0,"menu_order":0,"comment_status":"closed","ping_status":"closed","template":"","meta":{"footnotes":""},"class_list":["post-53","page","type-page","status-publish","has-post-thumbnail","hentry"],"_links":{"self":[{"href":"https:\/\/reiter-veranstaltungstechnik.de\/index.php?rest_route=\/wp\/v2\/pages\/53"}],"collection":[{"href":"https:\/\/reiter-veranstaltungstechnik.de\/index.php?rest_route=\/wp\/v2\/pages"}],"about":[{"href":"https:\/\/reiter-veranstaltungstechnik.de\/index.php?rest_route=\/wp\/v2\/types\/page"}],"author":[{"embeddable":true,"href":"https:\/\/reiter-veranstaltungstechnik.de\/index.php?rest_route=\/wp\/v2\/users\/1"}],"replies":[{"embeddable":true,"href":"https:\/\/reiter-veranstaltungstechnik.de\/index.php?rest_route=%2Fwp%2Fv2%2Fcomments&post=53"}],"version-history":[{"count":6,"href":"https:\/\/reiter-veranstaltungstechnik.de\/index.php?rest_route=\/wp\/v2\/pages\/53\/revisions"}],"predecessor-version":[{"id":94,"href":"https:\/\/reiter-veranstaltungstechnik.de\/index.php?rest_route=\/wp\/v2\/pages\/53\/revisions\/94"}],"wp:featuredmedia":[{"embeddable":true,"href":"https:\/\/reiter-veranstaltungstechnik.de\/index.php?rest_route=\/wp\/v2\/media\/103"}],"wp:attachment":[{"href":"https:\/\/reiter-veranstaltungstechnik.de\/index.php?rest_route=%2Fwp%2Fv2%2Fmedia&parent=53"}],"curies":[{"name":"wp","href":"https:\/\/api.w.org\/{rel}","templated":true}]}}