{"id":50,"date":"2019-10-14T15:50:11","date_gmt":"2019-10-14T15:50:11","guid":{"rendered":"https:\/\/reiter-veranstaltungstechnik.de\/?page_id=50"},"modified":"2019-10-19T21:07:39","modified_gmt":"2019-10-19T21:07:39","slug":"full-service","status":"publish","type":"page","link":"https:\/\/reiter-veranstaltungstechnik.de\/?page_id=50","title":{"rendered":"Full-Service"},"content":{"rendered":"\n<p class=\"has-drop-cap\">Seit 1993 sind wir der Partner f\u00fcr Konferenzen, Tagungen, Events, Pr\u00e4sentationen, Modenschauen und Konzerte. <br><br>Hochwertige Ton- und Lichttechnik, B\u00fchnen und Laufstege sowie Videobeamer und Leinw\u00e4nde setzen wir bei den Veranstaltungen ein, die von ausgebildetem Fachpersonal betreut und durchgef\u00fchrt werden.<\/p>\n","protected":false},"excerpt":{"rendered":"<p>Seit 1993 sind wir der Partner f\u00fcr Konferenzen, Tagungen, Events, Pr\u00e4sentationen, Modenschauen und Konzerte. Hochwertige Ton- und Lichttechnik, B\u00fchnen und Laufstege sowie Videobeamer und Leinw\u00e4nde setzen wir bei den Veranstaltungen ein, die von ausgebildetem Fachpersonal betreut und durchgef\u00fchrt werden.<\/p>\n","protected":false},"author":1,"featured_media":75,"parent":0,"menu_order":0,"comment_status":"closed","ping_status":"closed","template":"","meta":{"footnotes":""},"class_list":["post-50","page","type-page","status-publish","has-post-thumbnail","hentry"],"_links":{"self":[{"href":"https:\/\/reiter-veranstaltungstechnik.de\/index.php?rest_route=\/wp\/v2\/pages\/50"}],"collection":[{"href":"https:\/\/reiter-veranstaltungstechnik.de\/index.php?rest_route=\/wp\/v2\/pages"}],"about":[{"href":"https:\/\/reiter-veranstaltungstechnik.de\/index.php?rest_route=\/wp\/v2\/types\/page"}],"author":[{"embeddable":true,"href":"https:\/\/reiter-veranstaltungstechnik.de\/index.php?rest_route=\/wp\/v2\/users\/1"}],"replies":[{"embeddable":true,"href":"https:\/\/reiter-veranstaltungstechnik.de\/index.php?rest_route=%2Fwp%2Fv2%2Fcomments&post=50"}],"version-history":[{"count":4,"href":"https:\/\/reiter-veranstaltungstechnik.de\/index.php?rest_route=\/wp\/v2\/pages\/50\/revisions"}],"predecessor-version":[{"id":91,"href":"https:\/\/reiter-veranstaltungstechnik.de\/index.php?rest_route=\/wp\/v2\/pages\/50\/revisions\/91"}],"wp:featuredmedia":[{"embeddable":true,"href":"https:\/\/reiter-veranstaltungstechnik.de\/index.php?rest_route=\/wp\/v2\/media\/75"}],"wp:attachment":[{"href":"https:\/\/reiter-veranstaltungstechnik.de\/index.php?rest_route=%2Fwp%2Fv2%2Fmedia&parent=50"}],"curies":[{"name":"wp","href":"https:\/\/api.w.org\/{rel}","templated":true}]}}