{"id":2,"date":"2019-10-13T19:25:14","date_gmt":"2019-10-13T19:25:14","guid":{"rendered":"https:\/\/reiter-veranstaltungstechnik.de\/?page_id=2"},"modified":"2019-10-20T13:01:24","modified_gmt":"2019-10-20T13:01:24","slug":"sample-page","status":"publish","type":"page","link":"https:\/\/reiter-veranstaltungstechnik.de\/","title":{"rendered":"Willkommen"},"content":{"rendered":"\n<p>Seit 1993\nsind wir im Bereich der Veranstaltungstechnik t\u00e4tig und bieten Ihnen ein\nbreites Spektrum an Ton-, Video-, Licht- und B\u00fchnentechnik.<\/p>\n\n\n\n<p>Wir sind Ihr Partner f\u00fcr die\nPlanung, Durchf\u00fchrung und Betreuung Ihrer Veranstaltungen: Von Tagungen,\nPromotion-Events, \u00fcber Theater- und Varieteshows bis hin zu Hochzeiten und Partyveranstaltungen\noder Konzerten. Fast jede Veranstaltung ist m\u00f6glich.<\/p>\n\n\n\n<p>Spezialisiert haben wir uns\nauf den Full-Service f\u00fcr Pr\u00e4sentationen, Modenschauen und Messeveranstaltungen,\ndoch auch im Party-Bereich (mit eigenem DJ-Service) sind wir Ihr kompetenter Partner.<\/p>\n","protected":false},"excerpt":{"rendered":"<p>Seit 1993 sind wir im Bereich der Veranstaltungstechnik t\u00e4tig und bieten Ihnen ein breites Spektrum an Ton-, Video-, Licht- und B\u00fchnentechnik. Wir sind Ihr Partner f\u00fcr die Planung, Durchf\u00fchrung und Betreuung Ihrer Veranstaltungen: Von Tagungen, Promotion-Events, \u00fcber Theater- und Varieteshows bis hin zu Hochzeiten und Partyveranstaltungen oder Konzerten. Fast jede Veranstaltung ist m\u00f6glich. Spezialisiert haben <a class=\"more-link\" href=\"https:\/\/reiter-veranstaltungstechnik.de\/\">weiterlesen&#8230;<\/a><\/p>\n","protected":false},"author":1,"featured_media":0,"parent":0,"menu_order":0,"comment_status":"closed","ping_status":"closed","template":"","meta":{"footnotes":""},"class_list":["post-2","page","type-page","status-publish","hentry"],"_links":{"self":[{"href":"https:\/\/reiter-veranstaltungstechnik.de\/index.php?rest_route=\/wp\/v2\/pages\/2"}],"collection":[{"href":"https:\/\/reiter-veranstaltungstechnik.de\/index.php?rest_route=\/wp\/v2\/pages"}],"about":[{"href":"https:\/\/reiter-veranstaltungstechnik.de\/index.php?rest_route=\/wp\/v2\/types\/page"}],"author":[{"embeddable":true,"href":"https:\/\/reiter-veranstaltungstechnik.de\/index.php?rest_route=\/wp\/v2\/users\/1"}],"replies":[{"embeddable":true,"href":"https:\/\/reiter-veranstaltungstechnik.de\/index.php?rest_route=%2Fwp%2Fv2%2Fcomments&post=2"}],"version-history":[{"count":4,"href":"https:\/\/reiter-veranstaltungstechnik.de\/index.php?rest_route=\/wp\/v2\/pages\/2\/revisions"}],"predecessor-version":[{"id":104,"href":"https:\/\/reiter-veranstaltungstechnik.de\/index.php?rest_route=\/wp\/v2\/pages\/2\/revisions\/104"}],"wp:attachment":[{"href":"https:\/\/reiter-veranstaltungstechnik.de\/index.php?rest_route=%2Fwp%2Fv2%2Fmedia&parent=2"}],"curies":[{"name":"wp","href":"https:\/\/api.w.org\/{rel}","templated":true}]}}